{"id":36,"date":"2025-08-08T22:46:35","date_gmt":"2025-08-08T19:46:35","guid":{"rendered":"https:\/\/transvit.ua\/de\/?page_id=36"},"modified":"2025-08-08T22:46:35","modified_gmt":"2025-08-08T19:46:35","slug":"fleischproduktion","status":"publish","type":"page","link":"https:\/\/transvit.ua\/de\/fleischproduktion\/","title":{"rendered":"Fleischproduktion"},"content":{"rendered":"\n<div class=\"wp-block-group alignfull has-gradient-1-gradient-background has-background has-global-padding is-layout-constrained wp-container-core-group-is-layout-669513ed wp-block-group-is-layout-constrained\" style=\"margin-top:0;margin-bottom:0;padding-top:var(--wp--preset--spacing--50);padding-right:var(--wp--preset--spacing--50);padding-bottom:var(--wp--preset--spacing--50);padding-left:var(--wp--preset--spacing--50)\">\n<div class=\"wp-block-columns alignwide is-layout-flex wp-container-core-columns-is-layout-1da03c2a wp-block-columns-is-layout-flex\">\n<div class=\"wp-block-column is-vertically-aligned-stretch is-layout-flow wp-block-column-is-layout-flow\" style=\"flex-basis:70%\">\n<div class=\"wp-block-group is-vertical is-content-justification-stretch is-layout-flex wp-container-core-group-is-layout-9a5188d8 wp-block-group-is-layout-flex\" style=\"min-height:75%\">\n<p class=\"has-heading-font-family has-x-large-font-size\" style=\"line-height:1.2\">PP \u00abTRANSVIT\u00bb (Pryluky Gefl\u00fcgelkombinat)<\/p>\n\n\n\n<div class=\"wp-block-group has-global-padding is-content-justification-left is-layout-constrained wp-container-core-group-is-layout-353cc7fb wp-block-group-is-layout-constrained\">\n<p>\u2014 ein modernes Fleischverarbeitungsunternehmen mit vollst\u00e4ndigem Produktionszyklus. Wir bieten ein breites Sortiment an Fleischprodukten, die ausschlie\u00dflich aus eigenen Rohstoffen hergestellt werden, mit strenger Qualit\u00e4tskontrolle in jeder Produktionsphase. Unsere Erzeugnisse werden unter der Marke <strong>\u00abMjasoljub\u00bb<\/strong> vermarktet, und die Grundlage der hochwertigen Rohstoffe bildet die <strong>Agrarfirma \u00abLosyniwska\u00bb<\/strong>.<\/p>\n<\/div>\n<\/div>\n<\/div>\n\n\n\n<div class=\"wp-block-column is-vertically-aligned-center is-layout-flow wp-block-column-is-layout-flow\" style=\"flex-basis:30%\">\n<figure class=\"wp-block-image size-full\"><img decoding=\"async\" src=\"https:\/\/transvit.ua\/wp-content\/uploads\/2025\/08\/myasolub-losynivska.png\" alt=\"\" class=\"wp-image-109\"\/><\/figure>\n<\/div>\n<\/div>\n<\/div>\n\n\n\n<div class=\"wp-block-group alignfull has-base-background-color has-background has-global-padding is-layout-constrained wp-container-core-group-is-layout-c7a42c40 wp-block-group-is-layout-constrained\" style=\"margin-top:0;margin-bottom:0;padding-top:var(--wp--preset--spacing--20);padding-right:var(--wp--preset--spacing--50);padding-bottom:var(--wp--preset--spacing--20);padding-left:var(--wp--preset--spacing--50)\">\n<div class=\"wp-block-columns alignwide is-layout-flex wp-container-core-columns-is-layout-549b0c86 wp-block-columns-is-layout-flex\">\n<div class=\"wp-block-column has-global-padding is-content-justification-left is-layout-constrained wp-container-core-column-is-layout-4f15e8fe wp-block-column-is-layout-constrained\" style=\"flex-basis:40%\">\n<figure class=\"wp-block-image size-full\"><img decoding=\"async\" src=\"https:\/\/transvit.ua\/wp-content\/uploads\/2025\/08\/obladnannya-myasolub-1.jpg\" alt=\"\" class=\"wp-image-106\"\/><\/figure>\n<\/div>\n\n\n\n<div class=\"wp-block-column is-layout-flow wp-container-core-column-is-layout-119bc444 wp-block-column-is-layout-flow\" style=\"flex-basis:60%\">\n<div class=\"wp-block-columns is-layout-flex wp-container-core-columns-is-layout-87beb0d0 wp-block-columns-is-layout-flex\">\n<div class=\"wp-block-column is-layout-flow wp-block-column-is-layout-flow\">\n<p class=\"wp-container-content-9cfa9a5a\">Unser Produktionskomplex ist mit modernster europ\u00e4ischer Ausr\u00fcstung (Vemag, Poly-clip, Fessmann, Webomatic, Mado) ausgestattet, was die Herstellung von Produkten mit garantiert gleichbleibender Qualit\u00e4t und Einhaltung hoher Sicherheitsstandards erm\u00f6glicht. Alle technologischen Prozesse sind weitgehend automatisiert, und die Rezepturen sind erprobt und an die modernen Geschmacksvorlieben der Verbraucher angepasst.<\/p>\n<\/div>\n<\/div>\n<\/div>\n<\/div>\n<\/div>\n\n\n\n<div class=\"wp-block-group alignfull has-accent-5-background-color has-background has-global-padding is-layout-constrained wp-container-core-group-is-layout-d89aad35 wp-block-group-is-layout-constrained\" style=\"margin-top:0;margin-bottom:0;padding-top:var(--wp--preset--spacing--50);padding-right:var(--wp--preset--spacing--50);padding-bottom:var(--wp--preset--spacing--50);padding-left:var(--wp--preset--spacing--50)\">\n<div class=\"wp-block-columns alignwide is-layout-flex wp-container-core-columns-is-layout-1da03c2a wp-block-columns-is-layout-flex\">\n<div class=\"wp-block-column is-vertically-aligned-center is-layout-flow wp-block-column-is-layout-flow\" style=\"flex-basis:60%\">\n<p class=\"has-medium-font-size\">Die Produktion umfasst alle wichtigen Schritte: Annahme der Rohstoffe, Zerlegen, Entsehnen, Salzen, Zerkleinern, Herstellung der Fleischmasse, F\u00fcllen, thermische Verarbeitung (Kochen, R\u00e4uchern, Trocknen) sowie moderne Verpackung.<\/p>\n<\/div>\n\n\n\n<div class=\"wp-block-column is-layout-flow wp-block-column-is-layout-flow\" style=\"flex-basis:40%\">\n<p>Das HACCP-Kontrollsystem und die ISO-22000-Zertifizierung gew\u00e4hrleisten die Sicherheit und die \u00dcbereinstimmung der Produkte mit internationalen Standards.<\/p>\n<\/div>\n<\/div>\n<\/div>\n\n\n\n<div class=\"wp-block-group alignfull has-global-padding is-layout-constrained wp-container-core-group-is-layout-669513ed wp-block-group-is-layout-constrained\" style=\"margin-top:0;margin-bottom:0;padding-top:var(--wp--preset--spacing--50);padding-right:var(--wp--preset--spacing--50);padding-bottom:var(--wp--preset--spacing--50);padding-left:var(--wp--preset--spacing--50)\">\n<div class=\"wp-block-group is-vertical is-content-justification-center is-layout-flex wp-container-core-group-is-layout-ce155fab wp-block-group-is-layout-flex\">\n<h2 class=\"wp-block-heading has-text-align-center has-xx-large-font-size\">Lernen Sie unsere Produkte kennen<\/h2>\n\n\n\n<p>Wir laden Sie ein, sich mit dem vollst\u00e4ndigen Sortiment unserer Fleischprodukte vertraut zu machen. Wir bieten eine gro\u00dfe Auswahl hochwertiger Fleischwaren \u2013 von klassischen Kochw\u00fcrsten, Schinken und W\u00fcrstchen bis hin zu erlesenen luftgetrockneten Delikatessen, ger\u00e4ucherten H\u00fchnererzeugnissen und Halbfabrikaten f\u00fcr die schnelle Zubereitung.<\/p>\n\n\n\n<div class=\"wp-block-buttons is-layout-flex wp-block-buttons-is-layout-flex\">\n<div class=\"wp-block-button\"><a class=\"wp-block-button__link wp-element-button\" href=\"https:\/\/docs.google.com\/document\/d\/1NG3NaIPglSIcnDB9Prk4DVpNSE_phVrW\" target=\"_blank\" rel=\"noreferrer noopener nofollow\">Produktkatalog (*.DOCX)<\/a><\/div>\n\n\n\n<div class=\"wp-block-button\"><a class=\"wp-block-button__link wp-element-button\" href=\"https:\/\/drive.google.com\/file\/d\/1piQa6Ba-KE_URjLyPh86yL1UFAbGDjRa\/view\" target=\"_blank\" rel=\"https:\/\/drive.google.com\/file\/d\/1piQa6Ba-KE_URjLyPh86yL1UFAbGDjRa\/view noreferrer noopener\">Produktkatalog (*.PDF ~200 MB)<\/a><\/div>\n<\/div>\n<\/div>\n<\/div>\n\n\n\n<div class=\"wp-block-group alignfull has-accent-4-background-color has-background has-global-padding is-layout-constrained wp-container-core-group-is-layout-d89aad35 wp-block-group-is-layout-constrained\" style=\"margin-top:0;margin-bottom:0;padding-top:var(--wp--preset--spacing--50);padding-right:var(--wp--preset--spacing--50);padding-bottom:var(--wp--preset--spacing--50);padding-left:var(--wp--preset--spacing--50)\">\n<div class=\"wp-block-columns alignwide is-layout-flex wp-container-core-columns-is-layout-1da03c2a wp-block-columns-is-layout-flex\">\n<div class=\"wp-block-column is-layout-flow wp-block-column-is-layout-flow\">\n<p>Wenn Sie an unseren Produkten interessiert sind oder detailliertere Informationen zu den Bedingungen einer Zusammenarbeit erhalten m\u00f6chten, freuen wir uns auf Ihre Anfrage.<br>Gehen Sie zum Bereich <strong><a href=\"https:\/\/transvit.ua\/de\/kontakte\/\" data-type=\"page\" data-id=\"19\">Kontakte<\/a><\/strong>, um Telefonnummern, E-Mail-Adressen und weitere M\u00f6glichkeiten zur Kontaktaufnahme mit uns zu finden.<\/p>\n<\/div>\n\n\n\n<div class=\"wp-block-column is-layout-flow wp-block-column-is-layout-flow\" style=\"flex-basis:100px\">\n<figure class=\"wp-block-image size-full\"><img decoding=\"async\" src=\"https:\/\/transvit.ua\/wp-content\/uploads\/2025\/08\/contacts-1.png\" alt=\"\" class=\"wp-image-108\"\/><\/figure>\n<\/div>\n<\/div>\n<\/div>\n\n\n\n<p><\/p>\n","protected":false},"excerpt":{"rendered":"<p>PP \u00abTRANSVIT\u00bb (Pryluky Gefl\u00fcgelkombinat) \u2014 ein modernes Fleischverarbeitungsunternehmen mit vollst\u00e4ndigem Produktionszyklus. Wir bieten ein breites Sortiment an Fleischprodukten, die ausschlie\u00dflich aus eigenen Rohstoffen hergestellt werden, mit strenger Qualit\u00e4tskontrolle in jeder Produktionsphase. Unsere Erzeugnisse werden unter der Marke \u00abMjasoljub\u00bb vermarktet, und die Grundlage der hochwertigen Rohstoffe bildet die Agrarfirma \u00abLosyniwska\u00bb. Unser Produktionskomplex ist mit modernster europ\u00e4ischer [&hellip;]<\/p>\n","protected":false},"author":1,"featured_media":0,"parent":0,"menu_order":0,"comment_status":"closed","ping_status":"closed","template":"","meta":{"footnotes":""},"class_list":["post-36","page","type-page","status-publish","hentry"],"_links":{"self":[{"href":"https:\/\/transvit.ua\/de\/wp-json\/wp\/v2\/pages\/36","targetHints":{"allow":["GET"]}}],"collection":[{"href":"https:\/\/transvit.ua\/de\/wp-json\/wp\/v2\/pages"}],"about":[{"href":"https:\/\/transvit.ua\/de\/wp-json\/wp\/v2\/types\/page"}],"author":[{"embeddable":true,"href":"https:\/\/transvit.ua\/de\/wp-json\/wp\/v2\/users\/1"}],"replies":[{"embeddable":true,"href":"https:\/\/transvit.ua\/de\/wp-json\/wp\/v2\/comments?post=36"}],"version-history":[{"count":1,"href":"https:\/\/transvit.ua\/de\/wp-json\/wp\/v2\/pages\/36\/revisions"}],"predecessor-version":[{"id":37,"href":"https:\/\/transvit.ua\/de\/wp-json\/wp\/v2\/pages\/36\/revisions\/37"}],"wp:attachment":[{"href":"https:\/\/transvit.ua\/de\/wp-json\/wp\/v2\/media?parent=36"}],"curies":[{"name":"wp","href":"https:\/\/api.w.org\/{rel}","templated":true}]}}