{"id":27,"date":"2024-11-24T18:26:48","date_gmt":"2024-11-24T16:26:48","guid":{"rendered":"https:\/\/transvit.ua\/de\/?page_id=27"},"modified":"2024-11-24T18:26:48","modified_gmt":"2024-11-24T16:26:48","slug":"erstellte-objekte","status":"publish","type":"page","link":"https:\/\/transvit.ua\/de\/erstellte-objekte\/","title":{"rendered":"Erstellte Objekte"},"content":{"rendered":"\n<div class=\"wp-block-group alignwide has-global-padding is-content-justification-center is-layout-constrained wp-container-core-group-is-layout-0b741a2e wp-block-group-is-layout-constrained\">\n<p><strong>Einige der von uns realisierten Projekte:<\/strong><\/p>\n\n\n\n<ul style=\"margin-top:var(--wp--preset--spacing--10);margin-bottom:var(--wp--preset--spacing--10);padding-top:0;padding-bottom:0;line-height:1.6\" class=\"wp-block-list is-style-checkmark-list\">\n<li>Rekonstruktion des Warenhauses \u00abZentralny\u00bb in der Stadt Pryluky, Oblast Tschernihiw \u2013 Jahr 2006;<\/li>\n\n\n\n<li>Rekonstruktion der Kl\u00e4ranlagen in der Stadt Pryluky, Oblast Tschernihiw, mit einer Fl\u00e4che von 630 qm \u2013 Jahr 2006;<\/li>\n\n\n\n<li>Bau von Industrie- und F\u00e4kalienkan\u00e4len mit Pumpstation und Automatisierung in der Stadt Pryluky, Oblast Tschernihiw, L\u00e4nge 4 km \u2013 Jahr 2006;<\/li>\n\n\n\n<li>Bau des Baumaterial-Supermarkts \u00abPraktyka\u00bb in der Stadt Pryluky, Oblast Tschernihiw, Fl\u00e4che 550 qm \u2013 Jahr 2007;<\/li>\n\n\n\n<li>Bau von monolithischen Fundamenten und Betonb\u00f6den in einer Produktionsst\u00e4tte in der Stadt Pyriatyn, Fl\u00e4che 1.500 qm \u2013 Jahr 2007;<\/li>\n\n\n\n<li>Bau einer St\u00fctzmauer im Einkaufs- und Unterhaltungszentrum in der Stadt Chmelnyzkyj, L\u00e4nge 2 km \u2013 Jahr 2007;<\/li>\n\n\n\n<li>Hauptreparatur der Geb\u00e4ude der Milit\u00e4rsiedlungen Nr. 12, 14, 16, 17 in der Stadt Pryluky, Oblast Tschernihiw. Gesamtfl\u00e4che \u2013 27.000 qm;<\/li>\n\n\n\n<li>Rekonstruktion eines Geb\u00e4udes zum Agrartechnischen Kolleg des Instituts in der Stadt Nischyn, Oblast Tschernihiw \u2013 Jahre 2007\u20132008;<\/li>\n\n\n\n<li>Hauptreparatur des Tierhaltungslabors und des K\u00e4lberstalls der NAU NATI in der Stadt Nischyn, Oblast Tschernihiw \u2013 Jahre 2007\u20132008;<\/li>\n\n\n\n<li>Bau des Einkaufs- und Unterhaltungszentrums \u00abKokteil\u00bb in Pryluky, Oblast Tschernihiw, Fl\u00e4che 5.000 qm \u2013 Jahre 2007\u20132008;<\/li>\n\n\n\n<li>Bau von Tankstellen: in der Oblast Tschernihiw \u2013 8 Tankstellen, in Kiew \u2013 7 Tankstellen;<\/li>\n\n\n\n<li>Bau von modularen Gastankstellen in der Oblast Tschernihiw \u2013 2 Tankstellen;<\/li>\n\n\n\n<li>Bau von Mobilfunkantennenmasten in der Oblast Tschernihiw \u2013 5 St\u00fcck;<\/li>\n\n\n\n<li>Montage von Klimaanlagen und Zu- und Abluftsystemen in der Tabakfabrik PJSC \u00abB.A.T. Pryluky\u00bb \u2013 Jahr 2008;<\/li>\n\n\n\n<li>Bau eines Getreidespeichers f\u00fcr 100.000 Tonnen f\u00fcr die LLC \u00abAgro Elevator\u00bb im Dorf Ivkivtsi, Bezirk Pryluky, Oblast Tschernihiw \u2013 Jahr 2009;<\/li>\n\n\n\n<li>Durchf\u00fchrung von Bau- und Reparaturarbeiten an den Geb\u00e4uden der Tabakfabrik PJSC \u00abB.A.T. Pryluky\u00bb \u2013 Jahre 2009\u20132010;<\/li>\n\n\n\n<li>Bau eines Komplexes f\u00fcr den Empfang, die Lagerung und den Versand von Getreide- und \u00d6lpflanzen \u00abNIBULON\u00bb im Dorf Artemivka, Bezirk Tschutiv, Oblast Poltawa, Generalunternehmer \u2013 Jahr 2010;<\/li>\n\n\n\n<li>Bau eines \u00e4hnlichen Komplexes \u00abNIBULON\u00bb im Dorf Maryanivka, Bezirk Hrebinka, Oblast Poltawa, Generalunternehmer \u2013 Jahr 2010;<\/li>\n\n\n\n<li>Bau eines Komplexes \u00abNIBULON\u00bb in der Siedlung Romodan, Bezirk Myrhorod, Oblast Poltawa, Generalunternehmer \u2013 Jahre 2009\u20132010;<\/li>\n\n\n\n<li>Bau eines Umschlagterminals \u00abNIBULON\u00bb f\u00fcr den Versand von Getreide- und \u00d6lpflanzen \u00fcber den Fluss in der Stadt Krementschuk, Oblast Poltawa \u2013 Jahr 2010;<\/li>\n\n\n\n<li>Bau eines Umschlagterminals \u00abNIBULON\u00bb im Dorf Vitove, Bezirk Tschyhyryn, Oblast Tscherkassy \u2013 Jahr 2010;<\/li>\n\n\n\n<li>Bau eines Elevator-Komplexes f\u00fcr den Empfang, die Lagerung und den Versand von Getreide- und \u00d6lpflanzen \u00abNIBULON\u00bb im Dorf Denykhivka, Bezirk Tetijiw, Oblast Kiew, Generalunternehmer \u2013 Jahr 2011;<\/li>\n\n\n\n<li>Bau einer Transportinfrastruktur f\u00fcr Getreidefracht im Zusammenhang mit dem See- und Flussg\u00fcterverkehr des Umschlagterminals \u00abNIBULON\u00bb in der Stadt Nowa Odesa, Oblast Mykolajiw \u2013 Jahr 2011;<\/li>\n\n\n\n<li>Bau eines Getreidespeichers f\u00fcr 100.000 Tonnen in der Mischfutterfabrik \u2013 Koselschtschyna, Oblast Poltawa \u2013 Jahr 2011;<\/li>\n\n\n\n<li>Bau des Unterhaltungszentrums \u00abHorodOk\u00bb, Fl\u00e4che 3.000 qm, Pryluky, Oblast Tschernihiw \u2013 Jahr 2011;<\/li>\n\n\n\n<li>Wartung und Reparatur von Geb\u00e4uden und Anlagen der Tabakfabrik PJSC \u00abB.A.T. Pryluky\u00bb \u2013 Jahre 2011\u20132012;<\/li>\n\n\n\n<li>Bau eines Elevator-Komplexes \u00abNIBULON\u00bb im Dorf Chyrske, Bezirk Perejaslaw-Chmelnyzkyj, Oblast Kiew, Generalunternehmer \u2013 Jahr 2012;<\/li>\n\n\n\n<li>Installation von Betonfundamenten mit einem Gesamtvolumen von 908 Kubikmetern f\u00fcr KP \u00abKirovogradrembudmontazh\u00bb im Dorf Hlodosy, Bezirk Nowoukrajinka, Oblast Kirowohrad \u2013 Jahr 2012;<\/li>\n\n\n\n<li>Bau eines Getreidespeichers f\u00fcr 40.000 Tonnen in Kosjatyn, Oblast Winnyzja \u2013 Jahr 2012;<\/li>\n\n\n\n<li>Bau eines Anbaus an das Getreidesilo im HPP Nosowske, Stadt Nosiwka, Oblast Tschernihiw \u2013 Jahr 2012;<\/li>\n\n\n\n<li>Rekonstruktion von Geb\u00e4uden zu einem Elevator-Komplex mit einer Kapazit\u00e4t von 94.000 Tonnen f\u00fcr LLC \u00abHermes-Trading\u00bb in Switlowodsk, Oblast Kirowohrad \u2013 Jahr 2012;<\/li>\n\n\n\n<li>Bau von Silolagern f\u00fcr die Getreidelagerung mit einer Kapazit\u00e4t von 30.000 Tonnen f\u00fcr PJSC \u00abPerejaslawske EKhPP\u00bb im Dorf Perejaslawske, Bezirk Perejaslaw-Chmelnyzkyj, Oblast Kiew \u2013 Jahr 2012;<\/li>\n\n\n\n<li>Installation von Betonfundamenten f\u00fcr ein Getreidesilo mit einem Gesamtvolumen von 3.000 Kubikmetern f\u00fcr LLC \u00abLanivtsi Invest\u00bb, Dorf Hrynky, Bezirk Lanivtsi \u2013 Jahr 2012;<\/li>\n\n\n\n<li>Bau eines Getreidereinigungskomplexes f\u00fcr LLC \u00abAgrotsentrelevatorbud\u00bb Kiew, in der Siedlung Savran, Oblast Odessa \u2013 Jahr 2012;<\/li>\n\n\n\n<li>Bau eines Getreidespeichers f\u00fcr 50.000 Tonnen in der Stadt Pyriatyn, Oblast Poltawa \u2013 Jahr 2013;<\/li>\n\n\n\n<li>Bau einer Brotfabrik. Getreidelager in der Stra\u00dfe Zavokzalna 66 in der Stadt Pyriatyn, Oblast Poltawa \u2013 Jahr 2013;<\/li>\n\n\n\n<li>Bau eines Elevators im Dorf Welika Dowytsja, Obychiwskyj Dorfsowjet, Oblast Tschernihiw, Generalunternehmer \u2013 Jahr 2013;<\/li>\n\n\n\n<li>Rekonstruktion des Petschaniwskyj KHP, Dorf Petschaniwka, Bezirk Romaniv, Oblast Schytomyr \u2013 Jahr 2013;<\/li>\n\n\n\n<li>Bau eines Getreideverarbeitungs- und -lagerkomplexes f\u00fcr 60.000 Tonnen Getreide f\u00fcr LLC \u00abSygnet-Center\u00bb im Dorf Andrushky, Bezirk Popilnja, Oblast Schytomyr \u2013 Jahr 2013;<\/li>\n\n\n\n<li>Erweiterung des Futterwerks von LLC \u00abSteikagro\u00bb im Dorf Hlanyschiw, Bezirk Perejaslaw-Chmelnyzkyj, Oblast Kiew \u2013 Jahr 2013;<\/li>\n\n\n\n<li>Bau von zwei Silos \u00e0 12.000 Tonnen f\u00fcr die Getreidelagerung in der Stra\u00dfe Kotowskoho 35, Stadt Jahotyn, Oblast Kiew \u2013 Jahr 2013;<\/li>\n\n\n\n<li>Bau von Silos f\u00fcr die Getreidelagerung in der Stra\u00dfe Wokzalna 11, Stadt Beresan, Oblast Kiew \u2013 Jahr 2013;<\/li>\n\n\n\n<li>Bau eines Komplexes f\u00fcr den Empfang, die Reinigung, die Trocknung, die Lagerung und den Versand von Getreide- und \u00d6lpflanzen mit einer Kapazit\u00e4t von 120.000 Tonnen in der Stra\u00dfe Salisnytschna 7, Siedlung Nyzy, Bezirk Sumy, Oblast Sumy;<\/li>\n\n\n\n<li>Bau eines Getreideverarbeitungs- und -lagerkomplexes f\u00fcr 60.000 Tonnen Getreide im Dorf Andrushky, Bezirk Popilnja, Oblast Schytomyr;<\/li>\n\n\n\n<li>Bau von Getreidespeichern in der Jahotyn-Filiale von LLC \u00abBaryschiwka Getreidegesellschaft\u00bb unter der Adresse: Oblast Kiew, Stadt Jahotyn, Stra\u00dfe Kotowskoho 35. 2. Etappe;<\/li>\n\n\n\n<li>Bau des Komplexes \u00abAgro-ERA\u00bb in der Oblast Poltawa, Bezirk Sinkiw, Dorf Kyrylo-Hanniwka;<\/li>\n\n\n\n<li>Rekonstruktion einer Anreicherungsfabrik zu einem Futterwerk mit einer Kapazit\u00e4t von 10 Tonnen pro Stunde f\u00fcr LLC \u00abAvis-Ukraine\u00bb im Dorf Kosywschtschyna, Bezirk Sumy, Oblast Sumy \u2013 Jahre 2014\u20132015;<\/li>\n\n\n\n<li>Rekonstruktion von Geb\u00e4uden und Anlagen mit der Installation von Ausr\u00fcstung f\u00fcr die Beizung von Getreide in der Stra\u00dfe Lenina 350, Stadt Beresan, Oblast Kiew \u2013 Jahr 2015;<\/li>\n\n\n\n<li>Neubau von Getreidespeichern f\u00fcr LLC \u00abBaryschiwka Getreidegesellschaft\u00bb unter der Adresse: 16600, Oblast Tschernihiw, Stadt Nischyn, Stra\u00dfe Pryluzka 89 \u2013 Jahr 2015;<\/li>\n\n\n\n<li>Bau von Reservoirs an der Station \u00abVoronky\u00bb f\u00fcr LLC \u00abBaryschiwka Getreidegesellschaft\u00bb im Dorf Voronky, Bezirk Tschornuchy, Oblast Poltawa \u2013 Jahr 2015;<\/li>\n\n\n\n<li>Verwaltungsgeb\u00e4ude der Getreidereinigung im Dorf Welika Oleksandriwka, Bezirk Boryspil, Oblast Kiew \u2013 Jahr 2015;<\/li>\n\n\n\n<li>Bau eines landwirtschaftlichen Komplexes im Dorf Batiyowo, Bezirk Berehove, Oblast Transkarpatien \u2013 Jahr 2015;<\/li>\n\n\n\n<li>Rekonstruktion von Geb\u00e4uden und Anlagen zu einem Komplex f\u00fcr den Empfang, die Reinigung, die Trocknung, die Lagerung und den Versand von Getreide in LLC \u00abBaryschiwka Getreidegesellschaft\u00bb in der Stra\u00dfe Chmelnyzkoho 55 in der Siedlung Jarmolynzi, Bezirk Jarmolynzi, Oblast Chmelnyzkyj \u2013 Jahr 2015;<\/li>\n\n\n\n<li>Installation von monolithischen Stahlbetonfundamenten (FM 2 \u2013 2 Stk., FM3 \u2013 1 Stk.) beim Bau eines Elevators mit einer Kapazit\u00e4t von 12.400 Tonnen Getreide im Dorf Mychajliwka, Dorfsowjet Holoborodkivska, Bezirk Karlivka, Oblast Poltawa;<\/li>\n\n\n\n<li>Bau eines Filterbeckens und eines Feuerl\u00f6schreservoirs neben dem Bodenspeicher von LLC \u00abVitchysna\u00bb;<\/li>\n\n\n\n<li>Bau eines Transportinfrastruktur-Objekts \u00abNIBULON\u00bb f\u00fcr den Umschlag von Getreidefracht im Zusammenhang mit dem See- und Flussg\u00fcterverkehr des Umschlagterminals f\u00fcr den Versand von Getreide- und \u00d6lpflanzen \u00fcber den Fluss innerhalb des Territoriums des Dorfsowjets Buska, Bezirk Wosnessensk, Oblast Mykolajiw;<\/li>\n\n\n\n<li>Rekonstruktion von Nichtwohngeb\u00e4uden der Landwirtschaft mit der Installation von Ausr\u00fcstung f\u00fcr die Zucht, Aufzucht und Mast von Schweinen mit dem Bau von Hilfsgeb\u00e4uden und Ingenieurnetzen auf dem Gebiet des Dorfsowjets Hajschyn, Bezirk Perejaslaw-Chmelnyzkyj, Oblast Kiew, in der Stra\u00dfe Schewtschenka 1\/1 (Montage von Fertigteil-Monolith-Stahlbetongeb\u00e4uden Nr. 5\u201310);<\/li>\n\n\n\n<li>Bau einer Annahme- und Versandstelle f\u00fcr Getreide- und \u00d6lpflanzen auf Eisenbahn- und Stra\u00dfentransport \u00abNIBULON\u00bb in der Oblast Luhansk, Stadt Swatowe, Stra\u00dfe Nowo-Starobiljska 17;<\/li>\n\n\n\n<li>Bau einer Siloeinstakade und Galerien mit einer Kapazit\u00e4t von 5,5 Tausend Tonnen des Umschlagterminals \u00abNIBULON\u00bb f\u00fcr den Versand von Getreide- und \u00d6lpflanzen \u00fcber den Fluss im Dorf Bilenke, Oblast Saporischschja, in der Stra\u00dfe Schulna 7;<\/li>\n\n\n\n<li>Montage von monolithischen Stahlbetonfundamenten beim Bau von Silos mit einer Kapazit\u00e4t von 12.400 Tonnen Getreide im Dorf Mychajliwka, Dorfsowjet Holoborodkivska, Bezirk Karlivka, Oblast Poltawa;<\/li>\n\n\n\n<li>Rekonstruktion des Getreidesilos von LLC \u00abVitchysna\u00bb mit der Installation von Silos mit einer Kapazit\u00e4t von 20.000 Tonnen im Dorf Pytomnyk, Stra\u00dfe Baturskyj Schljach 7\/1, 7\/2, Bezirk Konotop, Oblast Sumy.<\/li>\n<\/ul>\n<\/div>\n\n\n\n<hr class=\"wp-block-separator has-alpha-channel-opacity\"\/>\n\n\n\n<div style=\"height:31px\" aria-hidden=\"true\" class=\"wp-block-spacer\"><\/div>\n\n\n\n<div class=\"wp-block-group alignwide has-global-padding is-layout-constrained wp-block-group-is-layout-constrained\">\n<h1 class=\"wp-block-heading alignwide has-xx-large-font-size\" style=\"margin-right:0;margin-left:0;line-height:1.2\">Galerie<\/h1>\n<\/div>\n\n\n\n<div class=\"wp-block-group alignfull has-global-padding is-layout-constrained wp-container-core-group-is-layout-b25ccd55 wp-block-group-is-layout-constrained\" style=\"margin-top:0;margin-bottom:0;padding-top:var(--wp--preset--spacing--50);padding-right:var(--wp--preset--spacing--50);padding-bottom:var(--wp--preset--spacing--50);padding-left:var(--wp--preset--spacing--50)\">\n<div class=\"wp-block-columns alignwide is-layout-flex wp-container-core-columns-is-layout-ff4b9c61 wp-block-columns-is-layout-flex\" style=\"margin-top:0;margin-bottom:0\">\n<div class=\"wp-block-column has-global-padding is-content-justification-center is-layout-constrained wp-container-core-column-is-layout-ffce93fd wp-block-column-is-layout-constrained\">\n<figure class=\"wp-block-image size-full is-style-rounded is-style-rounded--1\"><img decoding=\"async\" src=\"http:\/\/transvit.ua\/wp-content\/uploads\/2024\/10\/elevator.jpg\" alt=\"\" class=\"wp-image-33\" style=\"aspect-ratio:4\/3;object-fit:cover\"\/><\/figure>\n\n\n\n<p class=\"has-small-font-size\" style=\"margin-top:var(--wp--preset--spacing--10);margin-bottom:var(--wp--preset--spacing--10);padding-top:0;padding-bottom:0\">Bonfanti-Trockner mit Sonnenblumenpellets (Biokraftstoff)<\/p>\n\n\n\n<div style=\"height:28px\" aria-hidden=\"true\" class=\"wp-block-spacer\"><\/div>\n\n\n\n\n\n<div style=\"height:var(--wp--preset--spacing--50)\" aria-hidden=\"true\" class=\"wp-block-spacer\"><\/div>\n\n\n<\/div>\n\n\n\n<div class=\"wp-block-column is-layout-flow wp-container-core-column-is-layout-8a368f38 wp-block-column-is-layout-flow\">\n<div style=\"height:var(--wp--preset--spacing--50)\" aria-hidden=\"true\" class=\"wp-block-spacer\"><\/div>\n\n\n\n<figure class=\"wp-block-image size-full is-style-rounded is-style-rounded--4\"><img decoding=\"async\" src=\"http:\/\/transvit.ua\/wp-content\/uploads\/2024\/10\/beton.jpg\" alt=\"Produktion von Beton und M\u00f6rtel\" class=\"wp-image-38\" style=\"aspect-ratio:3\/4;object-fit:cover\"\/><\/figure>\n\n\n\n<p class=\"has-small-font-size\" style=\"margin-top:var(--wp--preset--spacing--10);margin-bottom:var(--wp--preset--spacing--10);padding-top:0;padding-bottom:0\">Italienische Produktionsanlage \u00abPICCINI\u00bb<\/p>\n\n\n\n<div style=\"height:30px\" aria-hidden=\"true\" class=\"wp-block-spacer\"><\/div>\n\n\n\n\n\n<div style=\"height:var(--wp--preset--spacing--50)\" aria-hidden=\"true\" class=\"wp-block-spacer\"><\/div>\n\n\n<\/div>\n\n\n\n<div class=\"wp-block-column is-layout-flow wp-container-core-column-is-layout-8a368f38 wp-block-column-is-layout-flow\">\n\n\n<div style=\"height:var(--wp--preset--spacing--50)\" aria-hidden=\"true\" class=\"wp-block-spacer\"><\/div>\n\n\n\n\n\n<div style=\"height:var(--wp--preset--spacing--50)\" aria-hidden=\"true\" class=\"wp-block-spacer\"><\/div>\n\n\n<\/div>\n\n\n\n<div class=\"wp-block-column is-layout-flow wp-container-core-column-is-layout-8a368f38 wp-block-column-is-layout-flow\">\n<div style=\"height:var(--wp--preset--spacing--50)\" aria-hidden=\"true\" class=\"wp-block-spacer\"><\/div>\n\n\n\n\n\n<div style=\"height:var(--wp--preset--spacing--50)\" aria-hidden=\"true\" class=\"wp-block-spacer\"><\/div>\n\n\n\n\n\n<div style=\"height:var(--wp--preset--spacing--50)\" aria-hidden=\"true\" class=\"wp-block-spacer\"><\/div>\n\n\n<\/div>\n<\/div>\n<\/div>\n","protected":false},"excerpt":{"rendered":"<p>Einige der von uns realisierten Projekte: Galerie Bonfanti-Trockner mit Sonnenblumenpellets (Biokraftstoff) Italienische Produktionsanlage \u00abPICCINI\u00bb<\/p>\n","protected":false},"author":1,"featured_media":0,"parent":0,"menu_order":0,"comment_status":"closed","ping_status":"closed","template":"","meta":{"footnotes":""},"class_list":["post-27","page","type-page","status-publish","hentry"],"_links":{"self":[{"href":"https:\/\/transvit.ua\/de\/wp-json\/wp\/v2\/pages\/27","targetHints":{"allow":["GET"]}}],"collection":[{"href":"https:\/\/transvit.ua\/de\/wp-json\/wp\/v2\/pages"}],"about":[{"href":"https:\/\/transvit.ua\/de\/wp-json\/wp\/v2\/types\/page"}],"author":[{"embeddable":true,"href":"https:\/\/transvit.ua\/de\/wp-json\/wp\/v2\/users\/1"}],"replies":[{"embeddable":true,"href":"https:\/\/transvit.ua\/de\/wp-json\/wp\/v2\/comments?post=27"}],"version-history":[{"count":1,"href":"https:\/\/transvit.ua\/de\/wp-json\/wp\/v2\/pages\/27\/revisions"}],"predecessor-version":[{"id":29,"href":"https:\/\/transvit.ua\/de\/wp-json\/wp\/v2\/pages\/27\/revisions\/29"}],"wp:attachment":[{"href":"https:\/\/transvit.ua\/de\/wp-json\/wp\/v2\/media?parent=27"}],"curies":[{"name":"wp","href":"https:\/\/api.w.org\/{rel}","templated":true}]}}